{"id":7,"date":"2017-09-07T19:21:14","date_gmt":"2017-09-07T18:21:14","guid":{"rendered":"http:\/\/apop.qc.ca\/?page_id=7"},"modified":"2023-06-28T10:06:46","modified_gmt":"2023-06-28T14:06:46","slug":"accueil","status":"publish","type":"page","link":"https:\/\/www.apop.qc.ca\/fr\/","title":{"rendered":"Forfaits collectifs \u00c9ductive"},"content":{"rendered":"<p><\/p>\n<h2><b><span data-contrast=\"auto\">De nouveaux forfaits sign\u00e9s \u00c9ductive<\/span><\/b><span data-ccp-props=\"{&quot;134233117&quot;:false,&quot;134233118&quot;:false,&quot;201341983&quot;:0,&quot;335559738&quot;:0,&quot;335559739&quot;:150,&quot;335559740&quot;:240}\">\u00a0<\/span><\/h2>\n<p><span data-contrast=\"auto\">Les Forfaits collectifs \u00c9ductive donnent acc\u00e8s \u00e0 des formats vari\u00e9s d\u2019activit\u00e9s de perfectionnement et d\u2019animation qui r\u00e9pondent aux besoins actuels et \u00e9mergents en mati\u00e8re de p\u00e9dagogie num\u00e9rique.<\/span><span data-ccp-props=\"{&quot;134233117&quot;:false,&quot;134233118&quot;:false,&quot;201341983&quot;:0,&quot;335559738&quot;:0,&quot;335559739&quot;:150,&quot;335559740&quot;:240}\">\u00a0<\/span><\/p>\n<p><span data-contrast=\"auto\">Ces forfaits constituent la nouvelle mouture du <\/span><i><span data-contrast=\"auto\">Fonds collectif de perfectionnement<\/span><\/i><span data-contrast=\"auto\">, d\u00e9ploy\u00e9 auparavant par l\u2019APOP, qui a fusionn\u00e9 avec Collecto en 2022. <\/span><span data-ccp-props=\"{&quot;134233117&quot;:false,&quot;134233118&quot;:false,&quot;201341983&quot;:0,&quot;335559738&quot;:0,&quot;335559739&quot;:150,&quot;335559740&quot;:240}\">\u00a0<\/span><\/p>\n<p><span data-contrast=\"auto\">Les Forfaits collectifs \u00c9ductive sont le fruit de la mise en commun des expertises des \u00e9quipes d\u2019\u00c9ductive et de l\u2019APOP et ont \u00e9t\u00e9 d\u00e9velopp\u00e9s pour s\u2019arrimer \u00e0 l\u2019\u00e9volution des besoins du r\u00e9seau et pour refl\u00e9ter les tendances et les innovations en technop\u00e9dagogie.<\/span><\/p>\n<h3><a href=\"https:\/\/eductive.ca\/wp-content\/uploads\/2023\/06\/8275-5-forfaits-collectifs-educative-vf.pdf\" target=\"_blank\" rel=\"noopener\">D\u00e9couvrez les Forfaits collectifs \u00c9ductive 2023-2024!<\/a><br \/>\n<span data-ccp-props=\"{&quot;134233117&quot;:false,&quot;134233118&quot;:false,&quot;201341983&quot;:0,&quot;335559738&quot;:0,&quot;335559739&quot;:150,&quot;335559740&quot;:240}\">\u00a0<\/span><\/h3>\n<h2><b><span data-contrast=\"auto\">\u00c0 propos d\u2019\u00c9ductive<\/span><\/b><span data-ccp-props=\"{&quot;134233117&quot;:false,&quot;134233118&quot;:false,&quot;201341983&quot;:0,&quot;335559738&quot;:0,&quot;335559739&quot;:150,&quot;335559740&quot;:240}\">\u00a0<\/span><\/h2>\n<p><span data-contrast=\"auto\">\u00c9ductive est la plateforme de\u202f<\/span><a href=\"https:\/\/collecto.ca\/\"><span data-contrast=\"auto\">Collecto<\/span><\/a><span data-contrast=\"auto\">\u202fdestin\u00e9e au personnel p\u00e9dagogique du r\u00e9seau coll\u00e9gial qu\u00e9b\u00e9cois. Par l\u2019entremise du site <\/span><a href=\"https:\/\/eductive.ca\/\"><span data-contrast=\"none\">eductive.ca<\/span><\/a><span data-contrast=\"auto\">, le personnel p\u00e9dagogique peut acc\u00e9der \u00e0 de nombreuses ressources et activit\u00e9s offertes pour soutenir le d\u00e9veloppement professionnel, le partage de pratiques innovantes dans l\u2019enseignement et l\u2019apprentissage ainsi que la mutualisation de ressources \u00e9ducatives.<\/span><span data-ccp-props=\"{&quot;134233117&quot;:false,&quot;134233118&quot;:false,&quot;201341983&quot;:0,&quot;335559738&quot;:0,&quot;335559739&quot;:150,&quot;335559740&quot;:240}\">\u00a0<\/span><\/p>\n<p><b><span data-contrast=\"auto\">\u00c9ductive est \u00e9galement un tremplin vers d\u2019autres services de <a href=\"https:\/\/collecto.ca\/#\" target=\"_blank\" rel=\"noopener\">Collecto<\/a> en p\u00e9dagogie num\u00e9rique pour accompagner les acteurs et actrices du r\u00e9seau dans la transformation et l\u2019enrichissement de leurs pratiques p\u00e9dagogiques avec le num\u00e9rique.<\/span><\/b><span data-ccp-props=\"{&quot;134233117&quot;:false,&quot;134233118&quot;:false,&quot;201341983&quot;:0,&quot;335559738&quot;:0,&quot;335559739&quot;:150,&quot;335559740&quot;:240}\">\u00a0<\/span><\/p>\n<p>&nbsp;<\/p>","protected":false},"excerpt":{"rendered":"<p>De nouveaux forfaits sign\u00e9s \u00c9ductive\u00a0 Les Forfaits collectifs \u00c9ductive donnent acc\u00e8s \u00e0 des formats vari\u00e9s d\u2019activit\u00e9s de perfectionnement et d\u2019animation qui r\u00e9pondent aux besoins actuels et \u00e9mergents en mati\u00e8re de p\u00e9dagogie num\u00e9rique.\u00a0 Ces forfaits constituent la nouvelle mouture du Fonds collectif de perfectionnement, d\u00e9ploy\u00e9 auparavant par l\u2019APOP, qui a fusionn\u00e9 avec Collecto en 2022. \u00a0 [&hellip;]<\/p>\n","protected":false},"author":1,"featured_media":0,"parent":0,"menu_order":0,"comment_status":"closed","ping_status":"closed","template":"include\/activites-getter.php","meta":[],"tags":[],"acf":[],"yoast_head":"<!-- This site is optimized with the Yoast SEO plugin v17.9 - https:\/\/yoast.com\/wordpress\/plugins\/seo\/ -->\n<title>Forfaits collectifs \u00c9ductive - APOP<\/title>\n<meta name=\"robots\" content=\"index, follow, max-snippet:-1, max-image-preview:large, max-video-preview:-1\" \/>\n<link rel=\"canonical\" href=\"https:\/\/www.apop.qc.ca\/\" \/>\n<meta property=\"og:locale\" content=\"fr_FR\" \/>\n<meta property=\"og:type\" content=\"article\" \/>\n<meta property=\"og:title\" content=\"[:fr]Forfaits collectifs \u00c9ductive[:en]Learn. Grow in Digital.[:] - APOP\" \/>\n<meta property=\"og:description\" content=\"De nouveaux forfaits sign\u00e9s \u00c9ductive\u00a0 Les Forfaits collectifs \u00c9ductive donnent acc\u00e8s \u00e0 des formats vari\u00e9s d\u2019activit\u00e9s de perfectionnement et d\u2019animation qui r\u00e9pondent aux besoins actuels et \u00e9mergents en mati\u00e8re de p\u00e9dagogie num\u00e9rique.\u00a0 Ces forfaits constituent la nouvelle mouture du Fonds collectif de perfectionnement, d\u00e9ploy\u00e9 auparavant par l\u2019APOP, qui a fusionn\u00e9 avec Collecto en 2022. \u00a0 [&hellip;]\" \/>\n<meta property=\"og:url\" content=\"https:\/\/www.apop.qc.ca\/\" \/>\n<meta property=\"og:site_name\" content=\"APOP\" \/>\n<meta property=\"article:modified_time\" content=\"2023-06-28T14:06:46+00:00\" \/>\n<meta property=\"og:image\" content=\"https:\/\/apop.qc.ca\/wp-content\/uploads\/2017\/09\/pdf.png\" \/>\n<meta name=\"twitter:card\" content=\"summary_large_image\" \/>\n<meta name=\"twitter:label1\" content=\"Dur\u00e9e de lecture estim\u00e9e\" \/>\n\t<meta name=\"twitter:data1\" content=\"3 minutes\" \/>\n<script type=\"application\/ld+json\" class=\"yoast-schema-graph\">{\"@context\":\"https:\/\/schema.org\",\"@graph\":[{\"@type\":\"WebSite\",\"@id\":\"https:\/\/apop.qc.ca\/fr\/#website\",\"url\":\"https:\/\/apop.qc.ca\/fr\/\",\"name\":\"APOP\",\"description\":\"Apprendre. Agir en num\\u00e9rique.\",\"potentialAction\":[{\"@type\":\"SearchAction\",\"target\":{\"@type\":\"EntryPoint\",\"urlTemplate\":\"https:\/\/apop.qc.ca\/fr\/?s={search_term_string}\"},\"query-input\":\"required name=search_term_string\"}],\"inLanguage\":\"fr-FR\"},{\"@type\":\"ImageObject\",\"@id\":\"https:\/\/www.apop.qc.ca\/#primaryimage\",\"inLanguage\":\"fr-FR\",\"url\":\"https:\/\/apop.qc.ca\/wp-content\/uploads\/2017\/09\/pdf.png\",\"contentUrl\":\"https:\/\/apop.qc.ca\/wp-content\/uploads\/2017\/09\/pdf.png\"},{\"@type\":\"WebPage\",\"@id\":\"https:\/\/www.apop.qc.ca\/#webpage\",\"url\":\"https:\/\/www.apop.qc.ca\/\",\"name\":\"[:fr]Forfaits collectifs \\u00c9ductive[:en]Learn. Grow in Digital.[:] - APOP\",\"isPartOf\":{\"@id\":\"https:\/\/apop.qc.ca\/fr\/#website\"},\"primaryImageOfPage\":{\"@id\":\"https:\/\/www.apop.qc.ca\/#primaryimage\"},\"datePublished\":\"2017-09-07T18:21:14+00:00\",\"dateModified\":\"2023-06-28T14:06:46+00:00\",\"breadcrumb\":{\"@id\":\"https:\/\/www.apop.qc.ca\/#breadcrumb\"},\"inLanguage\":\"fr-FR\",\"potentialAction\":[{\"@type\":\"ReadAction\",\"target\":[\"https:\/\/www.apop.qc.ca\/\"]}]},{\"@type\":\"BreadcrumbList\",\"@id\":\"https:\/\/www.apop.qc.ca\/#breadcrumb\",\"itemListElement\":[{\"@type\":\"ListItem\",\"position\":1,\"name\":\"Accueil\",\"item\":\"https:\/\/www.apop.qc.ca\/\"},{\"@type\":\"ListItem\",\"position\":2,\"name\":\"Forfaits collectifs \\u00c9ductive\"}]}]}<\/script>\n<!-- \/ Yoast SEO plugin. -->","yoast_head_json":{"title":"[:fr]Forfaits collectifs \u00c9ductive[:en]Learn. Grow in Digital.[:] - APOP","robots":{"index":"index","follow":"follow","max-snippet":"max-snippet:-1","max-image-preview":"max-image-preview:large","max-video-preview":"max-video-preview:-1"},"canonical":"https:\/\/www.apop.qc.ca\/","og_locale":"fr_FR","og_type":"article","og_title":"[:fr]Forfaits collectifs \u00c9ductive[:en]Learn. Grow in Digital.[:] - APOP","og_description":"De nouveaux forfaits sign\u00e9s \u00c9ductive\u00a0 Les Forfaits collectifs \u00c9ductive donnent acc\u00e8s \u00e0 des formats vari\u00e9s d\u2019activit\u00e9s de perfectionnement et d\u2019animation qui r\u00e9pondent aux besoins actuels et \u00e9mergents en mati\u00e8re de p\u00e9dagogie num\u00e9rique.\u00a0 Ces forfaits constituent la nouvelle mouture du Fonds collectif de perfectionnement, d\u00e9ploy\u00e9 auparavant par l\u2019APOP, qui a fusionn\u00e9 avec Collecto en 2022. \u00a0 [&hellip;]","og_url":"https:\/\/www.apop.qc.ca\/","og_site_name":"APOP","article_modified_time":"2023-06-28T14:06:46+00:00","og_image":[{"url":"https:\/\/apop.qc.ca\/wp-content\/uploads\/2017\/09\/pdf.png"}],"twitter_card":"summary_large_image","twitter_misc":{"Dur\u00e9e de lecture estim\u00e9e":"3 minutes"},"schema":{"@context":"https:\/\/schema.org","@graph":[{"@type":"WebSite","@id":"https:\/\/apop.qc.ca\/fr\/#website","url":"https:\/\/apop.qc.ca\/fr\/","name":"APOP","description":"Apprendre. Agir en num\u00e9rique.","potentialAction":[{"@type":"SearchAction","target":{"@type":"EntryPoint","urlTemplate":"https:\/\/apop.qc.ca\/fr\/?s={search_term_string}"},"query-input":"required name=search_term_string"}],"inLanguage":"fr-FR"},{"@type":"ImageObject","@id":"https:\/\/www.apop.qc.ca\/#primaryimage","inLanguage":"fr-FR","url":"https:\/\/apop.qc.ca\/wp-content\/uploads\/2017\/09\/pdf.png","contentUrl":"https:\/\/apop.qc.ca\/wp-content\/uploads\/2017\/09\/pdf.png"},{"@type":"WebPage","@id":"https:\/\/www.apop.qc.ca\/#webpage","url":"https:\/\/www.apop.qc.ca\/","name":"[:fr]Forfaits collectifs \u00c9ductive[:en]Learn. Grow in Digital.[:] - APOP","isPartOf":{"@id":"https:\/\/apop.qc.ca\/fr\/#website"},"primaryImageOfPage":{"@id":"https:\/\/www.apop.qc.ca\/#primaryimage"},"datePublished":"2017-09-07T18:21:14+00:00","dateModified":"2023-06-28T14:06:46+00:00","breadcrumb":{"@id":"https:\/\/www.apop.qc.ca\/#breadcrumb"},"inLanguage":"fr-FR","potentialAction":[{"@type":"ReadAction","target":["https:\/\/www.apop.qc.ca\/"]}]},{"@type":"BreadcrumbList","@id":"https:\/\/www.apop.qc.ca\/#breadcrumb","itemListElement":[{"@type":"ListItem","position":1,"name":"Accueil","item":"https:\/\/www.apop.qc.ca\/"},{"@type":"ListItem","position":2,"name":"Forfaits collectifs \u00c9ductive"}]}]}},"_links":{"self":[{"href":"https:\/\/www.apop.qc.ca\/fr\/wp-json\/wp\/v2\/pages\/7"}],"collection":[{"href":"https:\/\/www.apop.qc.ca\/fr\/wp-json\/wp\/v2\/pages"}],"about":[{"href":"https:\/\/www.apop.qc.ca\/fr\/wp-json\/wp\/v2\/types\/page"}],"author":[{"embeddable":true,"href":"https:\/\/www.apop.qc.ca\/fr\/wp-json\/wp\/v2\/users\/1"}],"replies":[{"embeddable":true,"href":"https:\/\/www.apop.qc.ca\/fr\/wp-json\/wp\/v2\/comments?post=7"}],"version-history":[{"count":62,"href":"https:\/\/www.apop.qc.ca\/fr\/wp-json\/wp\/v2\/pages\/7\/revisions"}],"predecessor-version":[{"id":19058,"href":"https:\/\/www.apop.qc.ca\/fr\/wp-json\/wp\/v2\/pages\/7\/revisions\/19058"}],"wp:attachment":[{"href":"https:\/\/www.apop.qc.ca\/fr\/wp-json\/wp\/v2\/media?parent=7"}],"wp:term":[{"taxonomy":"post_tag","embeddable":true,"href":"https:\/\/www.apop.qc.ca\/fr\/wp-json\/wp\/v2\/tags?post=7"}],"curies":[{"name":"wp","href":"https:\/\/api.w.org\/{rel}","templated":true}]}}