{"id":18465,"date":"2022-08-01T13:55:37","date_gmt":"2022-08-01T17:55:37","guid":{"rendered":"https:\/\/www.apop.qc.ca\/?page_id=18465"},"modified":"2023-04-21T15:16:15","modified_gmt":"2023-04-21T19:16:15","slug":"inscription-aux-activites-2022-2023","status":"publish","type":"page","link":"https:\/\/www.apop.qc.ca\/fr\/inscription-aux-activites-2022-2023\/","title":{"rendered":"Inscription aux activit\u00e9s 2022-2023"},"content":{"rendered":"<p>Pour les <strong><a href=\"https:\/\/www.apop.qc.ca\/fr\/enseignement-superieur\/fcp\/\">membres\u202fdu Fonds collectif de perfectionnement (FCP)<\/a><\/strong> de l\u2019APOP, rien de plus facile que de <strong><a href=\"https:\/\/apop.sviesolutions.com\/Web\/Portals\/Register?\">s\u2019inscrire sur\u202fle Portail APOP<\/a><\/strong><br \/>\npour acc\u00e9der aux activit\u00e9s (<strong><a href=\"https:\/\/www.apop.qc.ca\/wp-content\/uploads\/2022\/08\/Procedurier_PortailAPOP.pdf\">proc\u00e9dure simplifi\u00e9e<\/a><\/strong>).<\/p>\n<div style=\"display:inline-block;\"><div style=\"width: 500px;\" class=\"wp-video\"><!--[if lt IE 9]><script>document.createElement('video');<\/script><![endif]-->\n<video class=\"wp-video-shortcode\" id=\"video-18465-1\" width=\"500\" height=\"842\" poster=\"https:\/\/www.apop.qc.ca\/wp-content\/uploads\/2023\/04\/cover-tutoriel-2023.jpg\" preload=\"metadata\" controls=\"controls\"><source type=\"video\/mp4\" src=\"https:\/\/www.apop.qc.ca\/wp-content\/uploads\/2023\/04\/Cre\u0301action_compte_Portail_APOP_1.mp4?_=1\" \/><a href=\"https:\/\/www.apop.qc.ca\/wp-content\/uploads\/2023\/04\/Cre\u0301action_compte_Portail_APOP_1.mp4\">https:\/\/www.apop.qc.ca\/wp-content\/uploads\/2023\/04\/Cre\u0301action_compte_Portail_APOP_1.mp4<\/a><\/video><\/div><\/div>\n<div style=\"display:inline-block;\"><div style=\"width: 500px;\" class=\"wp-video\"><video class=\"wp-video-shortcode\" id=\"video-18465-2\" width=\"500\" height=\"842\" poster=\"https:\/\/www.apop.qc.ca\/wp-content\/uploads\/2023\/04\/cover-tutoriel-2023-2.jpg\" preload=\"metadata\" controls=\"controls\"><source type=\"video\/mp4\" src=\"https:\/\/www.apop.qc.ca\/wp-content\/uploads\/2023\/04\/inscription.mp4?_=2\" \/><a href=\"https:\/\/www.apop.qc.ca\/wp-content\/uploads\/2023\/04\/inscription.mp4\">https:\/\/www.apop.qc.ca\/wp-content\/uploads\/2023\/04\/inscription.mp4<\/a><\/video><\/div><\/div>\n<h1 style=\"margin-top: 30px; margin-bottom: 20px;\">MEMBRES AVANTAGE\u202f: UN ACC\u00c8S AUX ACTIVIT\u00c9S EN DIFF\u00c9R\u00c9!<\/h1>\n<p>Vous \u00eates dans l\u2019impossibilit\u00e9 de participer \u00e0 une activit\u00e9 de perfectionnement? Ne vous en faites pas! Si vous intervenez au sein d\u2019un<br \/>\n\u00e9tablissement ayant adh\u00e9r\u00e9 au\u202f<strong>forfait Avantage<\/strong>, il vous est maintenant possible de visionner les activit\u00e9s en diff\u00e9r\u00e9.<\/p>\n<p><span class=\"TextRun SCXW61425645 BCX9\" lang=\"FR-CA\" xml:lang=\"FR-CA\" data-contrast=\"none\"><span class=\"NormalTextRun SCXW61425645 BCX9\">Les enregistrements disponibles se trouvent dans votre tableau de bord\u202f:<\/span><\/span><span class=\"EOP SCXW61425645 BCX9\" data-ccp-props=\"{&quot;201341983&quot;:0,&quot;335559739&quot;:288,&quot;335559740&quot;:240}\">\u00a0<\/span><\/p>\n<ol>\n<li>S\u00e9lectionnez l\u2019activit\u00e9 de perfectionnement que vous souhaitez visionner, puis cliquez sur l\u2019onglet\u202fEnregistrements.<br \/>\n<img loading=\"lazy\" class=\"alignleft\" src=\"https:\/\/www.apop.qc.ca\/media\/perfectionnement-differe.jpg\" width=\"852\" height=\"306\" \/><\/li>\n<li>Cliquez ensuite sur le lien disponible.<br \/>\n<img loading=\"lazy\" class=\"alignleft\" src=\"https:\/\/www.apop.qc.ca\/media\/perfectionnement-differe2.jpg\" width=\"855\" height=\"307\" \/><\/li>\n<\/ol>\n<p><em>Bon visionnement! <\/em><\/p>\n<p><em>Veuillez noter qu\u2019un d\u00e9lai de deux semaines peut \u00eatre<br \/>\nrequis pour le traitement et la mise en ligne des enregistrements.<\/em><\/p>\n<p><em>L\u2019APOP se r\u00e9serve \u00e9galement le droit de retirer certains<br \/>\nenregistrements de sa plateforme, si ceux-ci ne sont pas<br \/>\nconformes \u00e0 ses standards de qualit\u00e9.<\/em><\/p>","protected":false},"excerpt":{"rendered":"<p>Pour les membres\u202fdu Fonds collectif de perfectionnement (FCP) de l\u2019APOP, rien de plus facile que de s\u2019inscrire sur\u202fle Portail APOP pour acc\u00e9der aux activit\u00e9s (proc\u00e9dure simplifi\u00e9e). MEMBRES AVANTAGE\u202f: UN ACC\u00c8S AUX ACTIVIT\u00c9S EN DIFF\u00c9R\u00c9! Vous \u00eates dans l\u2019impossibilit\u00e9 de participer \u00e0 une activit\u00e9 de perfectionnement? Ne vous en faites pas! Si vous intervenez au sein [&hellip;]<\/p>\n","protected":false},"author":8,"featured_media":0,"parent":0,"menu_order":0,"comment_status":"closed","ping_status":"closed","template":"","meta":[],"tags":[],"acf":[],"yoast_head":"<!-- This site is optimized with the Yoast SEO plugin v17.9 - https:\/\/yoast.com\/wordpress\/plugins\/seo\/ -->\n<title>Inscription aux activit\u00e9s 2022-2023 - APOP<\/title>\n<meta name=\"robots\" content=\"index, follow, max-snippet:-1, max-image-preview:large, max-video-preview:-1\" \/>\n<link rel=\"canonical\" href=\"https:\/\/www.apop.qc.ca\/inscription-aux-activites-2022-2023\/\" \/>\n<meta property=\"og:locale\" content=\"fr_FR\" \/>\n<meta property=\"og:type\" content=\"article\" \/>\n<meta property=\"og:title\" content=\"[:fr] Inscription aux activit\u00e9s 2022-2023[:] - APOP\" \/>\n<meta property=\"og:description\" content=\"Pour les membres\u202fdu Fonds collectif de perfectionnement (FCP) de l\u2019APOP, rien de plus facile que de s\u2019inscrire sur\u202fle Portail APOP pour acc\u00e9der aux activit\u00e9s (proc\u00e9dure simplifi\u00e9e). MEMBRES AVANTAGE\u202f: UN ACC\u00c8S AUX ACTIVIT\u00c9S EN DIFF\u00c9R\u00c9! Vous \u00eates dans l\u2019impossibilit\u00e9 de participer \u00e0 une activit\u00e9 de perfectionnement? Ne vous en faites pas! Si vous intervenez au sein [&hellip;]\" \/>\n<meta property=\"og:url\" content=\"https:\/\/www.apop.qc.ca\/inscription-aux-activites-2022-2023\/\" \/>\n<meta property=\"og:site_name\" content=\"APOP\" \/>\n<meta property=\"article:modified_time\" content=\"2023-04-21T19:16:15+00:00\" \/>\n<meta property=\"og:image\" content=\"https:\/\/www.apop.qc.ca\/media\/perfectionnement-differe.jpg\" \/>\n<meta name=\"twitter:card\" content=\"summary_large_image\" \/>\n<meta name=\"twitter:label1\" content=\"Dur\u00e9e de lecture estim\u00e9e\" \/>\n\t<meta name=\"twitter:data1\" content=\"2 minutes\" \/>\n<script type=\"application\/ld+json\" class=\"yoast-schema-graph\">{\"@context\":\"https:\/\/schema.org\",\"@graph\":[{\"@type\":\"WebSite\",\"@id\":\"https:\/\/apop.qc.ca\/fr\/#website\",\"url\":\"https:\/\/apop.qc.ca\/fr\/\",\"name\":\"APOP\",\"description\":\"Apprendre. Agir en num\\u00e9rique.\",\"potentialAction\":[{\"@type\":\"SearchAction\",\"target\":{\"@type\":\"EntryPoint\",\"urlTemplate\":\"https:\/\/apop.qc.ca\/fr\/?s={search_term_string}\"},\"query-input\":\"required name=search_term_string\"}],\"inLanguage\":\"fr-FR\"},{\"@type\":\"ImageObject\",\"@id\":\"https:\/\/www.apop.qc.ca\/inscription-aux-activites-2022-2023\/#primaryimage\",\"inLanguage\":\"fr-FR\",\"url\":\"https:\/\/www.apop.qc.ca\/media\/perfectionnement-differe.jpg\",\"contentUrl\":\"https:\/\/www.apop.qc.ca\/media\/perfectionnement-differe.jpg\"},{\"@type\":\"WebPage\",\"@id\":\"https:\/\/www.apop.qc.ca\/inscription-aux-activites-2022-2023\/#webpage\",\"url\":\"https:\/\/www.apop.qc.ca\/inscription-aux-activites-2022-2023\/\",\"name\":\"[:fr] Inscription aux activit\\u00e9s 2022-2023[:] - APOP\",\"isPartOf\":{\"@id\":\"https:\/\/apop.qc.ca\/fr\/#website\"},\"primaryImageOfPage\":{\"@id\":\"https:\/\/www.apop.qc.ca\/inscription-aux-activites-2022-2023\/#primaryimage\"},\"datePublished\":\"2022-08-01T17:55:37+00:00\",\"dateModified\":\"2023-04-21T19:16:15+00:00\",\"breadcrumb\":{\"@id\":\"https:\/\/www.apop.qc.ca\/inscription-aux-activites-2022-2023\/#breadcrumb\"},\"inLanguage\":\"fr-FR\",\"potentialAction\":[{\"@type\":\"ReadAction\",\"target\":[\"https:\/\/www.apop.qc.ca\/inscription-aux-activites-2022-2023\/\"]}]},{\"@type\":\"BreadcrumbList\",\"@id\":\"https:\/\/www.apop.qc.ca\/inscription-aux-activites-2022-2023\/#breadcrumb\",\"itemListElement\":[{\"@type\":\"ListItem\",\"position\":1,\"name\":\"Accueil\",\"item\":\"https:\/\/www.apop.qc.ca\/\"},{\"@type\":\"ListItem\",\"position\":2,\"name\":\"Inscription aux activit\\u00e9s 2022-2023\"}]}]}<\/script>\n<!-- \/ Yoast SEO plugin. -->","yoast_head_json":{"title":"[:fr] Inscription aux activit\u00e9s 2022-2023[:] - APOP","robots":{"index":"index","follow":"follow","max-snippet":"max-snippet:-1","max-image-preview":"max-image-preview:large","max-video-preview":"max-video-preview:-1"},"canonical":"https:\/\/www.apop.qc.ca\/inscription-aux-activites-2022-2023\/","og_locale":"fr_FR","og_type":"article","og_title":"[:fr] Inscription aux activit\u00e9s 2022-2023[:] - APOP","og_description":"Pour les membres\u202fdu Fonds collectif de perfectionnement (FCP) de l\u2019APOP, rien de plus facile que de s\u2019inscrire sur\u202fle Portail APOP pour acc\u00e9der aux activit\u00e9s (proc\u00e9dure simplifi\u00e9e). MEMBRES AVANTAGE\u202f: UN ACC\u00c8S AUX ACTIVIT\u00c9S EN DIFF\u00c9R\u00c9! Vous \u00eates dans l\u2019impossibilit\u00e9 de participer \u00e0 une activit\u00e9 de perfectionnement? Ne vous en faites pas! Si vous intervenez au sein [&hellip;]","og_url":"https:\/\/www.apop.qc.ca\/inscription-aux-activites-2022-2023\/","og_site_name":"APOP","article_modified_time":"2023-04-21T19:16:15+00:00","og_image":[{"url":"https:\/\/www.apop.qc.ca\/media\/perfectionnement-differe.jpg"}],"twitter_card":"summary_large_image","twitter_misc":{"Dur\u00e9e de lecture estim\u00e9e":"2 minutes"},"schema":{"@context":"https:\/\/schema.org","@graph":[{"@type":"WebSite","@id":"https:\/\/apop.qc.ca\/fr\/#website","url":"https:\/\/apop.qc.ca\/fr\/","name":"APOP","description":"Apprendre. Agir en num\u00e9rique.","potentialAction":[{"@type":"SearchAction","target":{"@type":"EntryPoint","urlTemplate":"https:\/\/apop.qc.ca\/fr\/?s={search_term_string}"},"query-input":"required name=search_term_string"}],"inLanguage":"fr-FR"},{"@type":"ImageObject","@id":"https:\/\/www.apop.qc.ca\/inscription-aux-activites-2022-2023\/#primaryimage","inLanguage":"fr-FR","url":"https:\/\/www.apop.qc.ca\/media\/perfectionnement-differe.jpg","contentUrl":"https:\/\/www.apop.qc.ca\/media\/perfectionnement-differe.jpg"},{"@type":"WebPage","@id":"https:\/\/www.apop.qc.ca\/inscription-aux-activites-2022-2023\/#webpage","url":"https:\/\/www.apop.qc.ca\/inscription-aux-activites-2022-2023\/","name":"[:fr] Inscription aux activit\u00e9s 2022-2023[:] - APOP","isPartOf":{"@id":"https:\/\/apop.qc.ca\/fr\/#website"},"primaryImageOfPage":{"@id":"https:\/\/www.apop.qc.ca\/inscription-aux-activites-2022-2023\/#primaryimage"},"datePublished":"2022-08-01T17:55:37+00:00","dateModified":"2023-04-21T19:16:15+00:00","breadcrumb":{"@id":"https:\/\/www.apop.qc.ca\/inscription-aux-activites-2022-2023\/#breadcrumb"},"inLanguage":"fr-FR","potentialAction":[{"@type":"ReadAction","target":["https:\/\/www.apop.qc.ca\/inscription-aux-activites-2022-2023\/"]}]},{"@type":"BreadcrumbList","@id":"https:\/\/www.apop.qc.ca\/inscription-aux-activites-2022-2023\/#breadcrumb","itemListElement":[{"@type":"ListItem","position":1,"name":"Accueil","item":"https:\/\/www.apop.qc.ca\/"},{"@type":"ListItem","position":2,"name":"Inscription aux activit\u00e9s 2022-2023"}]}]}},"_links":{"self":[{"href":"https:\/\/www.apop.qc.ca\/fr\/wp-json\/wp\/v2\/pages\/18465"}],"collection":[{"href":"https:\/\/www.apop.qc.ca\/fr\/wp-json\/wp\/v2\/pages"}],"about":[{"href":"https:\/\/www.apop.qc.ca\/fr\/wp-json\/wp\/v2\/types\/page"}],"author":[{"embeddable":true,"href":"https:\/\/www.apop.qc.ca\/fr\/wp-json\/wp\/v2\/users\/8"}],"replies":[{"embeddable":true,"href":"https:\/\/www.apop.qc.ca\/fr\/wp-json\/wp\/v2\/comments?post=18465"}],"version-history":[{"count":33,"href":"https:\/\/www.apop.qc.ca\/fr\/wp-json\/wp\/v2\/pages\/18465\/revisions"}],"predecessor-version":[{"id":18963,"href":"https:\/\/www.apop.qc.ca\/fr\/wp-json\/wp\/v2\/pages\/18465\/revisions\/18963"}],"wp:attachment":[{"href":"https:\/\/www.apop.qc.ca\/fr\/wp-json\/wp\/v2\/media?parent=18465"}],"wp:term":[{"taxonomy":"post_tag","embeddable":true,"href":"https:\/\/www.apop.qc.ca\/fr\/wp-json\/wp\/v2\/tags?post=18465"}],"curies":[{"name":"wp","href":"https:\/\/api.w.org\/{rel}","templated":true}]}}