{"id":18117,"date":"2022-01-06T11:45:47","date_gmt":"2022-01-06T16:45:47","guid":{"rendered":"https:\/\/www.apop.qc.ca\/?page_id=18117"},"modified":"2022-10-28T15:16:07","modified_gmt":"2022-10-28T19:16:07","slug":"marathon","status":"publish","type":"page","link":"https:\/\/www.apop.qc.ca\/fr\/marathon\/","title":{"rendered":"Marathon"},"content":{"rendered":"<p><img loading=\"lazy\" class=\"aligncenter wp-image-18635 size-full\" src=\"https:\/\/www.apop.qc.ca\/wp-content\/uploads\/2022\/10\/Banniere_activitermara-23-2.jpg\" alt=\"\" width=\"1511\" height=\"731\" srcset=\"https:\/\/www.apop.qc.ca\/wp-content\/uploads\/2022\/10\/Banniere_activitermara-23-2.jpg 1511w, https:\/\/www.apop.qc.ca\/wp-content\/uploads\/2022\/10\/Banniere_activitermara-23-2-300x145.jpg 300w, https:\/\/www.apop.qc.ca\/wp-content\/uploads\/2022\/10\/Banniere_activitermara-23-2-1024x495.jpg 1024w, https:\/\/www.apop.qc.ca\/wp-content\/uploads\/2022\/10\/Banniere_activitermara-23-2-200x97.jpg 200w, https:\/\/www.apop.qc.ca\/wp-content\/uploads\/2022\/10\/Banniere_activitermara-23-2-768x372.jpg 768w\" sizes=\"(max-width: 1511px) 100vw, 1511px\" \/><br \/>\n\u00c0 TOUTE ALLURE VERS LA P\u00c9DAGOGIE ACTIVE!<br \/>\n<span class=\"marathon22\">Pour plusieurs, lorsque le virage est entrepris, il n\u2019est plus question de revenir en arri\u00e8re! La p\u00e9dagogie active, d\u00e9ploy\u00e9e par le biais d\u2019activit\u00e9s vari\u00e9es et souvent support\u00e9e par le num\u00e9rique, place les \u00e9tudiants et les \u00e9tudiantes au c\u0153ur de leurs apprentissages tout en s\u2019inspirant de contextes authentiques et signifiants. <\/span><\/p>\n<p>Classe invers\u00e9e, p\u00e9dagogie par projets, apprentissage par les pairs, outils interactifs, p\u00e9dagogie immersive, travaux d\u2019\u00e9quipes, ludification des apprentissages&#8230; Il y a autant d\u2019approches que d\u2019enseignants et d\u2019enseignantes pour les mettre en \u0153uvre!<\/p>\n<p>Envie d\u2019entrer dans la course? Du 9 au 13 janvier 2023, cette troisi\u00e8me \u00e9dition du Marathon technop\u00e9dagogique de l\u2019APOP d\u00e9voilera un large \u00e9ventail d\u2019activit\u00e9s d\u2019animation et de perfectionnement.<\/p>\n<p>La programmation \u00e9largie du Marathon assure un acc\u00e8s libre1 o\u00f9 chaque personne, athl\u00e8tes aguerris comme joggeurs et joggeuses du dimanche, navigue \u00e0 son propre rythme!<\/p>\n<p>\u00c0 vous de configurer votre parcours entre la ligne de d\u00e9part et la ligne d\u2019arriv\u00e9e!<\/p>","protected":false},"excerpt":{"rendered":"<p>\u00c0 TOUTE ALLURE VERS LA P\u00c9DAGOGIE ACTIVE! Pour plusieurs, lorsque le virage est entrepris, il n\u2019est plus question de revenir en arri\u00e8re! La p\u00e9dagogie active, d\u00e9ploy\u00e9e par le biais d\u2019activit\u00e9s vari\u00e9es et souvent support\u00e9e par le num\u00e9rique, place les \u00e9tudiants et les \u00e9tudiantes au c\u0153ur de leurs apprentissages tout en s\u2019inspirant de contextes authentiques et [&hellip;]<\/p>\n","protected":false},"author":8,"featured_media":0,"parent":0,"menu_order":0,"comment_status":"closed","ping_status":"closed","template":"marathon.php","meta":[],"tags":[],"acf":[],"yoast_head":"<!-- This site is optimized with the Yoast SEO plugin v17.9 - https:\/\/yoast.com\/wordpress\/plugins\/seo\/ -->\n<title>Marathon - APOP<\/title>\n<meta name=\"robots\" content=\"index, follow, max-snippet:-1, max-image-preview:large, max-video-preview:-1\" \/>\n<link rel=\"canonical\" href=\"https:\/\/www.apop.qc.ca\/marathon\/\" \/>\n<meta property=\"og:locale\" content=\"fr_FR\" \/>\n<meta property=\"og:type\" content=\"article\" \/>\n<meta property=\"og:title\" content=\"[:fr]Marathon[:] - APOP\" \/>\n<meta property=\"og:description\" content=\"\u00c0 TOUTE ALLURE VERS LA P\u00c9DAGOGIE ACTIVE! Pour plusieurs, lorsque le virage est entrepris, il n\u2019est plus question de revenir en arri\u00e8re! La p\u00e9dagogie active, d\u00e9ploy\u00e9e par le biais d\u2019activit\u00e9s vari\u00e9es et souvent support\u00e9e par le num\u00e9rique, place les \u00e9tudiants et les \u00e9tudiantes au c\u0153ur de leurs apprentissages tout en s\u2019inspirant de contextes authentiques et [&hellip;]\" \/>\n<meta property=\"og:url\" content=\"https:\/\/www.apop.qc.ca\/marathon\/\" \/>\n<meta property=\"og:site_name\" content=\"APOP\" \/>\n<meta property=\"article:modified_time\" content=\"2022-10-28T19:16:07+00:00\" \/>\n<meta property=\"og:image\" content=\"https:\/\/www.apop.qc.ca\/wp-content\/uploads\/2022\/10\/Banniere_activitermara-23-2.jpg\" \/>\n<meta name=\"twitter:card\" content=\"summary_large_image\" \/>\n<meta name=\"twitter:label1\" content=\"Dur\u00e9e de lecture estim\u00e9e\" \/>\n\t<meta name=\"twitter:data1\" content=\"1 minute\" \/>\n<script type=\"application\/ld+json\" class=\"yoast-schema-graph\">{\"@context\":\"https:\/\/schema.org\",\"@graph\":[{\"@type\":\"WebSite\",\"@id\":\"https:\/\/apop.qc.ca\/fr\/#website\",\"url\":\"https:\/\/apop.qc.ca\/fr\/\",\"name\":\"APOP\",\"description\":\"Apprendre. Agir en num\\u00e9rique.\",\"potentialAction\":[{\"@type\":\"SearchAction\",\"target\":{\"@type\":\"EntryPoint\",\"urlTemplate\":\"https:\/\/apop.qc.ca\/fr\/?s={search_term_string}\"},\"query-input\":\"required name=search_term_string\"}],\"inLanguage\":\"fr-FR\"},{\"@type\":\"ImageObject\",\"@id\":\"https:\/\/www.apop.qc.ca\/marathon\/#primaryimage\",\"inLanguage\":\"fr-FR\",\"url\":\"https:\/\/www.apop.qc.ca\/wp-content\/uploads\/2022\/10\/Banniere_activitermara-23-2.jpg\",\"contentUrl\":\"https:\/\/www.apop.qc.ca\/wp-content\/uploads\/2022\/10\/Banniere_activitermara-23-2.jpg\",\"width\":1511,\"height\":731},{\"@type\":\"WebPage\",\"@id\":\"https:\/\/www.apop.qc.ca\/marathon\/#webpage\",\"url\":\"https:\/\/www.apop.qc.ca\/marathon\/\",\"name\":\"[:fr]Marathon[:] - APOP\",\"isPartOf\":{\"@id\":\"https:\/\/apop.qc.ca\/fr\/#website\"},\"primaryImageOfPage\":{\"@id\":\"https:\/\/www.apop.qc.ca\/marathon\/#primaryimage\"},\"datePublished\":\"2022-01-06T16:45:47+00:00\",\"dateModified\":\"2022-10-28T19:16:07+00:00\",\"breadcrumb\":{\"@id\":\"https:\/\/www.apop.qc.ca\/marathon\/#breadcrumb\"},\"inLanguage\":\"fr-FR\",\"potentialAction\":[{\"@type\":\"ReadAction\",\"target\":[\"https:\/\/www.apop.qc.ca\/marathon\/\"]}]},{\"@type\":\"BreadcrumbList\",\"@id\":\"https:\/\/www.apop.qc.ca\/marathon\/#breadcrumb\",\"itemListElement\":[{\"@type\":\"ListItem\",\"position\":1,\"name\":\"Accueil\",\"item\":\"https:\/\/www.apop.qc.ca\/\"},{\"@type\":\"ListItem\",\"position\":2,\"name\":\"Marathon\"}]}]}<\/script>\n<!-- \/ Yoast SEO plugin. -->","yoast_head_json":{"title":"[:fr]Marathon[:] - APOP","robots":{"index":"index","follow":"follow","max-snippet":"max-snippet:-1","max-image-preview":"max-image-preview:large","max-video-preview":"max-video-preview:-1"},"canonical":"https:\/\/www.apop.qc.ca\/marathon\/","og_locale":"fr_FR","og_type":"article","og_title":"[:fr]Marathon[:] - APOP","og_description":"\u00c0 TOUTE ALLURE VERS LA P\u00c9DAGOGIE ACTIVE! Pour plusieurs, lorsque le virage est entrepris, il n\u2019est plus question de revenir en arri\u00e8re! La p\u00e9dagogie active, d\u00e9ploy\u00e9e par le biais d\u2019activit\u00e9s vari\u00e9es et souvent support\u00e9e par le num\u00e9rique, place les \u00e9tudiants et les \u00e9tudiantes au c\u0153ur de leurs apprentissages tout en s\u2019inspirant de contextes authentiques et [&hellip;]","og_url":"https:\/\/www.apop.qc.ca\/marathon\/","og_site_name":"APOP","article_modified_time":"2022-10-28T19:16:07+00:00","og_image":[{"url":"https:\/\/www.apop.qc.ca\/wp-content\/uploads\/2022\/10\/Banniere_activitermara-23-2.jpg"}],"twitter_card":"summary_large_image","twitter_misc":{"Dur\u00e9e de lecture estim\u00e9e":"1 minute"},"schema":{"@context":"https:\/\/schema.org","@graph":[{"@type":"WebSite","@id":"https:\/\/apop.qc.ca\/fr\/#website","url":"https:\/\/apop.qc.ca\/fr\/","name":"APOP","description":"Apprendre. Agir en num\u00e9rique.","potentialAction":[{"@type":"SearchAction","target":{"@type":"EntryPoint","urlTemplate":"https:\/\/apop.qc.ca\/fr\/?s={search_term_string}"},"query-input":"required name=search_term_string"}],"inLanguage":"fr-FR"},{"@type":"ImageObject","@id":"https:\/\/www.apop.qc.ca\/marathon\/#primaryimage","inLanguage":"fr-FR","url":"https:\/\/www.apop.qc.ca\/wp-content\/uploads\/2022\/10\/Banniere_activitermara-23-2.jpg","contentUrl":"https:\/\/www.apop.qc.ca\/wp-content\/uploads\/2022\/10\/Banniere_activitermara-23-2.jpg","width":1511,"height":731},{"@type":"WebPage","@id":"https:\/\/www.apop.qc.ca\/marathon\/#webpage","url":"https:\/\/www.apop.qc.ca\/marathon\/","name":"[:fr]Marathon[:] - APOP","isPartOf":{"@id":"https:\/\/apop.qc.ca\/fr\/#website"},"primaryImageOfPage":{"@id":"https:\/\/www.apop.qc.ca\/marathon\/#primaryimage"},"datePublished":"2022-01-06T16:45:47+00:00","dateModified":"2022-10-28T19:16:07+00:00","breadcrumb":{"@id":"https:\/\/www.apop.qc.ca\/marathon\/#breadcrumb"},"inLanguage":"fr-FR","potentialAction":[{"@type":"ReadAction","target":["https:\/\/www.apop.qc.ca\/marathon\/"]}]},{"@type":"BreadcrumbList","@id":"https:\/\/www.apop.qc.ca\/marathon\/#breadcrumb","itemListElement":[{"@type":"ListItem","position":1,"name":"Accueil","item":"https:\/\/www.apop.qc.ca\/"},{"@type":"ListItem","position":2,"name":"Marathon"}]}]}},"_links":{"self":[{"href":"https:\/\/www.apop.qc.ca\/fr\/wp-json\/wp\/v2\/pages\/18117"}],"collection":[{"href":"https:\/\/www.apop.qc.ca\/fr\/wp-json\/wp\/v2\/pages"}],"about":[{"href":"https:\/\/www.apop.qc.ca\/fr\/wp-json\/wp\/v2\/types\/page"}],"author":[{"embeddable":true,"href":"https:\/\/www.apop.qc.ca\/fr\/wp-json\/wp\/v2\/users\/8"}],"replies":[{"embeddable":true,"href":"https:\/\/www.apop.qc.ca\/fr\/wp-json\/wp\/v2\/comments?post=18117"}],"version-history":[{"count":7,"href":"https:\/\/www.apop.qc.ca\/fr\/wp-json\/wp\/v2\/pages\/18117\/revisions"}],"predecessor-version":[{"id":18636,"href":"https:\/\/www.apop.qc.ca\/fr\/wp-json\/wp\/v2\/pages\/18117\/revisions\/18636"}],"wp:attachment":[{"href":"https:\/\/www.apop.qc.ca\/fr\/wp-json\/wp\/v2\/media?parent=18117"}],"wp:term":[{"taxonomy":"post_tag","embeddable":true,"href":"https:\/\/www.apop.qc.ca\/fr\/wp-json\/wp\/v2\/tags?post=18117"}],"curies":[{"name":"wp","href":"https:\/\/api.w.org\/{rel}","templated":true}]}}