{"id":13646,"date":"2019-08-27T11:03:11","date_gmt":"2019-08-27T15:03:11","guid":{"rendered":"http:\/\/apop.qc.ca\/?page_id=13646"},"modified":"2019-10-03T11:05:38","modified_gmt":"2019-10-03T15:05:38","slug":"saison-1-de-la-fabrique","status":"publish","type":"page","link":"https:\/\/www.apop.qc.ca\/fr\/saison-1-de-la-fabrique\/","title":{"rendered":"Saison 1 de La Fabrique"},"content":{"rendered":"<p><\/p>\n<div id=\"zoneFabrique\" class=\"zoneFabrique\">\n<p>Approche p\u00e9dagogique appr\u00e9ci\u00e9e pour sa flexibilit\u00e9 et son adaptation aux diff\u00e9rents rythmes d\u2019apprentissage, la classe invers\u00e9e peut sembler incompatible avec certains contextes. Pr\u00e9parer des \u00e9tudiants \u00e0 la r\u00e9alisation d\u2019un laboratoire \u00e0 distance, \u00e0 l\u2019aide de ressources web et de capsules vid\u00e9o\u2026 une d\u00e9marche envisageable? En misant sur la cr\u00e9ativit\u00e9 et le r\u00e9investissement des ressources\u2026 certainement!<\/p>\n<\/div>\n<div id=\"videoFabrique\">\n<h2>Vid\u00e9os<\/h2>\n<div id=\"capsules\" class=\"superGrille\">\n<div class=\"row\">\n<div class=\"col-lg-4 col-xl-4 col-md-6 col-sm-6 col-12\">\n<div class=\"vignetteFabrique\"><a class=\"lienVideo\" href=\"https:\/\/apop.qc.ca\/fr\/capsule\/analyse-des-besoins-et-etablissement-du-calendrier-de-travail\"><img loading=\"lazy\"  class=\"img-fluid\" src=\"https:\/\/apop.qc.ca\/wp-content\/uploads\/2018\/04\/episode1.png\" alt=\"\" width=\"400\" height=\"300\" \/><br \/>\n<span class=\"titreFabrique\">\u00c9pisode 1<\/span><\/a><\/div>\n<\/div>\n<div class=\"col-lg-4 col-xl-4 col-md-6 col-sm-6 col-12\">\n<div class=\"vignetteFabrique\"><a class=\"lienVideo\" href=\"https:\/\/apop.qc.ca\/fr\/capsule\/mise-en-oeuvre-des-realisations-technopedagogiques-partie-1\"><img loading=\"lazy\"  class=\"img-fluid\" src=\"https:\/\/apop.qc.ca\/wp-content\/uploads\/2018\/04\/episode2.png\" alt=\"\" width=\"400\" height=\"300\" \/><br \/>\n<span class=\"titreFabrique\">\u00c9pisode 2<\/span><\/a><\/div>\n<\/div>\n<div class=\"col-lg-4 col-xl-4 col-md-6 col-sm-6 col-12\">\n<div class=\"vignetteFabrique\"><a class=\"lienVideo\" href=\"https:\/\/apop.qc.ca\/fr\/capsule\/mise-en-oeuvre-des-realisations-technopedagogiques-partie-2\"><img loading=\"lazy\" class=\"img-fluid\" src=\"https:\/\/apop.qc.ca\/wp-content\/uploads\/2018\/04\/episode3.png\" alt=\"\" width=\"400\" height=\"300\" \/><br \/>\n<span class=\"titreFabrique\">\u00c9pisode 3<\/span><\/a><\/div>\n<\/div>\n<div class=\"col-lg-4 col-xl-4 col-md-6 col-sm-6 col-12\">\n<div class=\"vignetteFabrique\"><a class=\"lienVideo\" href=\"https:\/\/apop.qc.ca\/fr\/capsule\/presentation-des-ressources-numeriques-dapprentissage-rna-2\"><img loading=\"lazy\" class=\"img-fluid\" src=\"https:\/\/apop.qc.ca\/wp-content\/uploads\/2018\/04\/episode4.png\" alt=\"\" width=\"400\" height=\"300\" \/><br \/>\n<span class=\"titreFabrique\">\u00c9pisode 4<\/span><\/a><\/div>\n<\/div>\n<div class=\"col-lg-4 col-xl-4 col-md-6 col-sm-6 col-12\">\n<div class=\"vignetteFabrique\"><a class=\"lienVideo\" href=\"https:\/\/apop.qc.ca\/fr\/capsule\/integration-des-retroactions-aux-realisations\"><img loading=\"lazy\" class=\"img-fluid\" src=\"https:\/\/apop.qc.ca\/wp-content\/uploads\/2018\/04\/episode5.png\" alt=\"\" width=\"400\" height=\"300\" \/><br \/>\n<span class=\"titreFabrique\">\u00c9pisode 5<\/span><\/a><\/div>\n<\/div>\n<div class=\"col-lg-4 col-xl-4 col-md-6 col-sm-6 col-12\">\n<div class=\"vignetteFabrique\"><a class=\"lienVideo\" href=\"https:\/\/apop.qc.ca\/fr\/capsule\/presentation-des-ressources-numeriques-dapprentissage-rna-iteration-2\"><img loading=\"lazy\" class=\"img-fluid\" src=\"https:\/\/apop.qc.ca\/wp-content\/uploads\/2018\/04\/episode6.png\" alt=\"\" width=\"400\" height=\"300\" \/><br \/>\n<span class=\"titreFabrique\">\u00c9pisode 6<\/span><\/a><\/div>\n<\/div>\n<div class=\"col-lg-4 col-xl-4 col-md-6 col-sm-6 col-12\">\n<div class=\"vignetteFabrique\"><a class=\"lienVideo\" href=\"https:\/\/apop.qc.ca\/fr\/capsule\/adaptation-du-plan-de-cours-a-lapproche-de-classe-inversee-a-distance\"><img loading=\"lazy\" class=\"img-fluid\" src=\"https:\/\/apop.qc.ca\/wp-content\/uploads\/2018\/04\/episode7.png\" alt=\"\" width=\"400\" height=\"300\" \/><br \/>\n<span class=\"titreFabrique\">\u00c9pisode 7<\/span><\/a><\/div>\n<\/div>\n<div class=\"col-lg-4 col-xl-4 col-md-6 col-sm-6 col-12\">\n<div class=\"vignetteFabrique\"><a class=\"lienVideo\" href=\"https:\/\/apop.qc.ca\/fr\/capsule\/compilation-et-revision-des-ressources-numeriques-dapprentissage\"><img loading=\"lazy\" class=\"img-fluid\" src=\"https:\/\/apop.qc.ca\/wp-content\/uploads\/2018\/04\/episode8.png\" alt=\"\" width=\"400\" height=\"300\" \/><br \/>\n<span class=\"titreFabrique\">\u00c9pisode 8<\/span><\/a><\/div>\n<\/div>\n<div class=\"col-lg-4 col-xl-4 col-md-6 col-sm-6 col-12\">\n<div class=\"vignetteFabrique\"><a class=\"lienVideo\" href=\"https:\/\/apop.qc.ca\/fr\/capsule\/retour-sur-les-processus-de-realisation-et-daccompagnement\"><img loading=\"lazy\" class=\"img-fluid\" src=\"https:\/\/apop.qc.ca\/wp-content\/uploads\/2018\/04\/episode9.png\" alt=\"\" width=\"400\" height=\"300\" \/><br \/>\n<span class=\"titreFabrique\">\u00c9pisode 9<\/span><\/a><\/div>\n<\/div>\n<\/div>\n<\/div>\n<div class=\"blocFabrique\">\n<h2>Accompagnement Technop\u00e9dagogique<\/h2>\n<div>\n<table class=\"tableRessource\">\n<tr>\n<td class=\"nomDoc\">Compilation d&rsquo;outils num\u00e9riques<\/td>\n<td><a href=\"https:\/\/apop.qc.ca\/wp-content\/uploads\/2018\/04\/Fabrique2018_Compilation_outils_numeriques.docx\"><\/p>\n<div class=\"typeDoc\"><img loading=\"lazy\" class=\"alignWithButton\" src=\"https:\/\/apop.qc.ca\/wp-content\/uploads\/2017\/09\/word-2.png\" alt=\"\" width=\"24\" height=\"24\" \/>Word<\/div>\n<p><\/a><\/td>\n<td><a href=\"https:\/\/apop.qc.ca\/wp-content\/uploads\/2018\/04\/Fabrique2018_Compilation_outils_numeriques.pdf\"><\/p>\n<div class=\"typeDoc\"><img loading=\"lazy\" class=\"alignWithButton\" src=\"https:\/\/apop.qc.ca\/wp-content\/uploads\/2017\/09\/pdf-2.png\" alt=\"\" width=\"24\" height=\"24\" \/> PDF<\/div>\n<p><\/a><\/td>\n<\/tr>\n<tr>\n<td class=\"nomDoc\">FAD : Guide \u00e9tudiant<\/td>\n<td><a href=\"https:\/\/apop.qc.ca\/wp-content\/uploads\/2018\/04\/Fabrique2018_FAD_Guide-\u00e9tudiant.pptx\"><\/p>\n<div class=\"typeDoc\"><img loading=\"lazy\" class=\"alignWithButton\" src=\"https:\/\/apop.qc.ca\/wp-content\/uploads\/2017\/09\/ppt-2.png\" alt=\"\" width=\"24\" height=\"24\" \/>PowerPoint<\/div>\n<p><\/a><\/td>\n<td><a href=\"https:\/\/apop.qc.ca\/wp-content\/uploads\/2018\/04\/Fabrique2018_FAD_Guide-\u00e9tudiant.pdf\"><\/p>\n<div class=\"typeDoc\"><img loading=\"lazy\" class=\"alignWithButton\" src=\"https:\/\/apop.qc.ca\/wp-content\/uploads\/2017\/09\/pdf-2.png\" alt=\"\" width=\"24\" height=\"24\" \/>PDF<\/div>\n<p><\/a><\/td>\n<\/tr>\n<tr>\n<td class=\"nomDoc\">Mod\u00e9lisation en laboratoire<\/td>\n<td><a href=\"https:\/\/apop.qc.ca\/wp-content\/uploads\/2018\/04\/Fabrique2018_Mod\u00e9lisation-laboratoire.docx\"><\/p>\n<div class=\"typeDoc\"><img loading=\"lazy\" class=\"alignWithButton\" src=\"https:\/\/apop.qc.ca\/wp-content\/uploads\/2017\/09\/word-2.png\" alt=\"\" width=\"24\" height=\"24\" \/>Word<\/div>\n<p><\/a><\/td>\n<td><a href=\"https:\/\/apop.qc.ca\/wp-content\/uploads\/2018\/04\/Fabrique2018_Mod\u00e9lisation-laboratoire.pdf\"><\/p>\n<div class=\"typeDoc\"><img loading=\"lazy\" class=\"alignWithButton\" src=\"https:\/\/apop.qc.ca\/wp-content\/uploads\/2017\/09\/pdf-2.png\" alt=\"\" width=\"24\" height=\"24\" \/>PDF<\/div>\n<p><\/a><\/td>\n<\/tr>\n<tr>\n<td class=\"nomDoc\">Mod\u00e9lisation de s\u00e9quence en classe invers\u00e9e<\/td>\n<td><a href=\"https:\/\/apop.qc.ca\/wp-content\/uploads\/2018\/04\/Fabrique2018_Modelisation_laboratoire.docx\"><\/p>\n<div class=\"typeDoc\"><img loading=\"lazy\" class=\"alignWithButton\" src=\"https:\/\/apop.qc.ca\/wp-content\/uploads\/2017\/09\/word-2.png\" alt=\"\" width=\"24\" height=\"24\" \/>Word<\/div>\n<p><\/a><\/td>\n<td><a href=\"https:\/\/apop.qc.ca\/wp-content\/uploads\/2018\/04\/Fabrique2018_Modelisation_laboratoire.pdf\"><\/p>\n<div class=\"typeDoc\"><img loading=\"lazy\" class=\"alignWithButton\" src=\"https:\/\/apop.qc.ca\/wp-content\/uploads\/2017\/09\/pdf-2.png\" alt=\"\" width=\"24\" height=\"24\" \/>PDF<\/div>\n<p><\/a><\/td>\n<\/tr>\n<tr>\n<td class=\"nomDoc\">Proc\u00e9durier H5P<\/td>\n<td><a href=\"https:\/\/apop.qc.ca\/wp-content\/uploads\/2018\/04\/Fabrique2018_Proc\u00e9durier-H5P-1.docx\"><\/p>\n<div class=\"typeDoc\"><img loading=\"lazy\" class=\"alignWithButton\" src=\"https:\/\/apop.qc.ca\/wp-content\/uploads\/2017\/09\/word-2.png\" alt=\"\" width=\"24\" height=\"24\" \/>Word<\/div>\n<p><\/a><\/td>\n<td><a href=\"https:\/\/apop.qc.ca\/wp-content\/uploads\/2018\/04\/Fabrique2018_Proc\u00e9durier-H5P-1.pdf\"><\/p>\n<div class=\"typeDoc\"><img loading=\"lazy\" class=\"alignWithButton\" src=\"https:\/\/apop.qc.ca\/wp-content\/uploads\/2017\/09\/pdf-2.png\" alt=\"\" width=\"24\" height=\"24\" \/>PDF<\/div>\n<p><\/a><\/td>\n<\/tr>\n<tr>\n<td class=\"nomDoc\">Ressources web en physique<\/td>\n<td><a href=\"https:\/\/apop.qc.ca\/wp-content\/uploads\/2018\/04\/Fabrique2018_Ressources_web_en_physique.docx\"><\/p>\n<div class=\"typeDoc\"><img loading=\"lazy\" class=\"alignWithButton\" src=\"https:\/\/apop.qc.ca\/wp-content\/uploads\/2017\/09\/word-2.png\" alt=\"\" width=\"24\" height=\"24\" \/>Word<\/div>\n<p><\/a><\/td>\n<td><a href=\"https:\/\/apop.qc.ca\/wp-content\/uploads\/2018\/04\/Fabrique2018_Ressources_web_en_physique.pdf\"><\/p>\n<div class=\"typeDoc\"><img loading=\"lazy\" class=\"alignWithButton\" src=\"https:\/\/apop.qc.ca\/wp-content\/uploads\/2017\/09\/pdf-2.png\" alt=\"\" width=\"24\" height=\"24\" \/>PDF<\/div>\n<p><\/a><\/td>\n<\/tr>\n<tr>\n<td class=\"nomDoc\">Ressources web et vid\u00e9o<\/td>\n<td><a href=\"https:\/\/apop.qc.ca\/wp-content\/uploads\/2018\/04\/Fabrique2018_Ressources_web_videos.docx\"><\/p>\n<div class=\"typeDoc\"><img loading=\"lazy\" class=\"alignWithButton\" src=\"https:\/\/apop.qc.ca\/wp-content\/uploads\/2017\/09\/word-2.png\" alt=\"\" width=\"24\" height=\"24\" \/>Word<\/div>\n<p><\/a><\/td>\n<td><a href=\"https:\/\/apop.qc.ca\/wp-content\/uploads\/2018\/04\/Fabrique2018_Ressources_web_videos.pdf\"><\/p>\n<div class=\"typeDoc\"><img loading=\"lazy\" class=\"alignWithButton\" src=\"https:\/\/apop.qc.ca\/wp-content\/uploads\/2017\/09\/pdf-2.png\" alt=\"\" width=\"24\" height=\"24\" \/>PDF<\/div>\n<p><\/a><\/td>\n<\/tr>\n<\/table>\n<\/div>\n<\/div>\n<\/div>\n<p><\/p>","protected":false},"excerpt":{"rendered":"<p>Approche p\u00e9dagogique appr\u00e9ci\u00e9e pour sa flexibilit\u00e9 et son adaptation aux diff\u00e9rents rythmes d\u2019apprentissage, la classe invers\u00e9e peut sembler incompatible avec certains contextes. Pr\u00e9parer des \u00e9tudiants \u00e0 la r\u00e9alisation d\u2019un laboratoire \u00e0 distance, \u00e0 l\u2019aide de ressources web et de capsules vid\u00e9o\u2026 une d\u00e9marche envisageable? En misant sur la cr\u00e9ativit\u00e9 et le r\u00e9investissement des ressources\u2026 certainement! [&hellip;]<\/p>\n","protected":false},"author":1,"featured_media":0,"parent":0,"menu_order":0,"comment_status":"closed","ping_status":"closed","template":"","meta":[],"tags":[],"acf":[],"yoast_head":"<!-- This site is optimized with the Yoast SEO plugin v17.9 - https:\/\/yoast.com\/wordpress\/plugins\/seo\/ -->\n<title>Saison 1 de La Fabrique - APOP<\/title>\n<meta name=\"robots\" content=\"index, follow, max-snippet:-1, max-image-preview:large, max-video-preview:-1\" \/>\n<link rel=\"canonical\" href=\"https:\/\/www.apop.qc.ca\/fr\/saison-1-de-la-fabrique\/\" \/>\n<meta property=\"og:locale\" content=\"fr_FR\" \/>\n<meta property=\"og:type\" content=\"article\" \/>\n<meta property=\"og:title\" content=\"[:fr]Saison 1 de La Fabrique[:] - APOP\" \/>\n<meta property=\"og:description\" content=\"Approche p\u00e9dagogique appr\u00e9ci\u00e9e pour sa flexibilit\u00e9 et son adaptation aux diff\u00e9rents rythmes d\u2019apprentissage, la classe invers\u00e9e peut sembler incompatible avec certains contextes. Pr\u00e9parer des \u00e9tudiants \u00e0 la r\u00e9alisation d\u2019un laboratoire \u00e0 distance, \u00e0 l\u2019aide de ressources web et de capsules vid\u00e9o\u2026 une d\u00e9marche envisageable? En misant sur la cr\u00e9ativit\u00e9 et le r\u00e9investissement des ressources\u2026 certainement! [&hellip;]\" \/>\n<meta property=\"og:url\" content=\"https:\/\/www.apop.qc.ca\/fr\/saison-1-de-la-fabrique\/\" \/>\n<meta property=\"og:site_name\" content=\"APOP\" \/>\n<meta property=\"article:modified_time\" content=\"2019-10-03T15:05:38+00:00\" \/>\n<meta property=\"og:image\" content=\"https:\/\/apop.qc.ca\/wp-content\/uploads\/2018\/04\/episode1.png\" \/>\n<meta name=\"twitter:card\" content=\"summary_large_image\" \/>\n<meta name=\"twitter:label1\" content=\"Dur\u00e9e de lecture estim\u00e9e\" \/>\n\t<meta name=\"twitter:data1\" content=\"1 minute\" \/>\n<script type=\"application\/ld+json\" class=\"yoast-schema-graph\">{\"@context\":\"https:\/\/schema.org\",\"@graph\":[{\"@type\":\"WebSite\",\"@id\":\"https:\/\/apop.qc.ca\/fr\/#website\",\"url\":\"https:\/\/apop.qc.ca\/fr\/\",\"name\":\"APOP\",\"description\":\"Apprendre. Agir en num\\u00e9rique.\",\"potentialAction\":[{\"@type\":\"SearchAction\",\"target\":{\"@type\":\"EntryPoint\",\"urlTemplate\":\"https:\/\/apop.qc.ca\/fr\/?s={search_term_string}\"},\"query-input\":\"required name=search_term_string\"}],\"inLanguage\":\"fr-FR\"},{\"@type\":\"ImageObject\",\"@id\":\"https:\/\/www.apop.qc.ca\/fr\/saison-1-de-la-fabrique\/#primaryimage\",\"inLanguage\":\"fr-FR\",\"url\":\"https:\/\/apop.qc.ca\/wp-content\/uploads\/2018\/04\/episode1.png\",\"contentUrl\":\"https:\/\/apop.qc.ca\/wp-content\/uploads\/2018\/04\/episode1.png\"},{\"@type\":\"WebPage\",\"@id\":\"https:\/\/www.apop.qc.ca\/fr\/saison-1-de-la-fabrique\/#webpage\",\"url\":\"https:\/\/www.apop.qc.ca\/fr\/saison-1-de-la-fabrique\/\",\"name\":\"[:fr]Saison 1 de La Fabrique[:] - APOP\",\"isPartOf\":{\"@id\":\"https:\/\/apop.qc.ca\/fr\/#website\"},\"primaryImageOfPage\":{\"@id\":\"https:\/\/www.apop.qc.ca\/fr\/saison-1-de-la-fabrique\/#primaryimage\"},\"datePublished\":\"2019-08-27T15:03:11+00:00\",\"dateModified\":\"2019-10-03T15:05:38+00:00\",\"breadcrumb\":{\"@id\":\"https:\/\/www.apop.qc.ca\/fr\/saison-1-de-la-fabrique\/#breadcrumb\"},\"inLanguage\":\"fr-FR\",\"potentialAction\":[{\"@type\":\"ReadAction\",\"target\":[\"https:\/\/www.apop.qc.ca\/fr\/saison-1-de-la-fabrique\/\"]}]},{\"@type\":\"BreadcrumbList\",\"@id\":\"https:\/\/www.apop.qc.ca\/fr\/saison-1-de-la-fabrique\/#breadcrumb\",\"itemListElement\":[{\"@type\":\"ListItem\",\"position\":1,\"name\":\"Accueil\",\"item\":\"https:\/\/www.apop.qc.ca\/\"},{\"@type\":\"ListItem\",\"position\":2,\"name\":\"Saison 1 de La Fabrique\"}]}]}<\/script>\n<!-- \/ Yoast SEO plugin. -->","yoast_head_json":{"title":"[:fr]Saison 1 de La Fabrique[:] - APOP","robots":{"index":"index","follow":"follow","max-snippet":"max-snippet:-1","max-image-preview":"max-image-preview:large","max-video-preview":"max-video-preview:-1"},"canonical":"https:\/\/www.apop.qc.ca\/fr\/saison-1-de-la-fabrique\/","og_locale":"fr_FR","og_type":"article","og_title":"[:fr]Saison 1 de La Fabrique[:] - APOP","og_description":"Approche p\u00e9dagogique appr\u00e9ci\u00e9e pour sa flexibilit\u00e9 et son adaptation aux diff\u00e9rents rythmes d\u2019apprentissage, la classe invers\u00e9e peut sembler incompatible avec certains contextes. Pr\u00e9parer des \u00e9tudiants \u00e0 la r\u00e9alisation d\u2019un laboratoire \u00e0 distance, \u00e0 l\u2019aide de ressources web et de capsules vid\u00e9o\u2026 une d\u00e9marche envisageable? En misant sur la cr\u00e9ativit\u00e9 et le r\u00e9investissement des ressources\u2026 certainement! [&hellip;]","og_url":"https:\/\/www.apop.qc.ca\/fr\/saison-1-de-la-fabrique\/","og_site_name":"APOP","article_modified_time":"2019-10-03T15:05:38+00:00","og_image":[{"url":"https:\/\/apop.qc.ca\/wp-content\/uploads\/2018\/04\/episode1.png"}],"twitter_card":"summary_large_image","twitter_misc":{"Dur\u00e9e de lecture estim\u00e9e":"1 minute"},"schema":{"@context":"https:\/\/schema.org","@graph":[{"@type":"WebSite","@id":"https:\/\/apop.qc.ca\/fr\/#website","url":"https:\/\/apop.qc.ca\/fr\/","name":"APOP","description":"Apprendre. Agir en num\u00e9rique.","potentialAction":[{"@type":"SearchAction","target":{"@type":"EntryPoint","urlTemplate":"https:\/\/apop.qc.ca\/fr\/?s={search_term_string}"},"query-input":"required name=search_term_string"}],"inLanguage":"fr-FR"},{"@type":"ImageObject","@id":"https:\/\/www.apop.qc.ca\/fr\/saison-1-de-la-fabrique\/#primaryimage","inLanguage":"fr-FR","url":"https:\/\/apop.qc.ca\/wp-content\/uploads\/2018\/04\/episode1.png","contentUrl":"https:\/\/apop.qc.ca\/wp-content\/uploads\/2018\/04\/episode1.png"},{"@type":"WebPage","@id":"https:\/\/www.apop.qc.ca\/fr\/saison-1-de-la-fabrique\/#webpage","url":"https:\/\/www.apop.qc.ca\/fr\/saison-1-de-la-fabrique\/","name":"[:fr]Saison 1 de La Fabrique[:] - APOP","isPartOf":{"@id":"https:\/\/apop.qc.ca\/fr\/#website"},"primaryImageOfPage":{"@id":"https:\/\/www.apop.qc.ca\/fr\/saison-1-de-la-fabrique\/#primaryimage"},"datePublished":"2019-08-27T15:03:11+00:00","dateModified":"2019-10-03T15:05:38+00:00","breadcrumb":{"@id":"https:\/\/www.apop.qc.ca\/fr\/saison-1-de-la-fabrique\/#breadcrumb"},"inLanguage":"fr-FR","potentialAction":[{"@type":"ReadAction","target":["https:\/\/www.apop.qc.ca\/fr\/saison-1-de-la-fabrique\/"]}]},{"@type":"BreadcrumbList","@id":"https:\/\/www.apop.qc.ca\/fr\/saison-1-de-la-fabrique\/#breadcrumb","itemListElement":[{"@type":"ListItem","position":1,"name":"Accueil","item":"https:\/\/www.apop.qc.ca\/"},{"@type":"ListItem","position":2,"name":"Saison 1 de La Fabrique"}]}]}},"_links":{"self":[{"href":"https:\/\/www.apop.qc.ca\/fr\/wp-json\/wp\/v2\/pages\/13646"}],"collection":[{"href":"https:\/\/www.apop.qc.ca\/fr\/wp-json\/wp\/v2\/pages"}],"about":[{"href":"https:\/\/www.apop.qc.ca\/fr\/wp-json\/wp\/v2\/types\/page"}],"author":[{"embeddable":true,"href":"https:\/\/www.apop.qc.ca\/fr\/wp-json\/wp\/v2\/users\/1"}],"replies":[{"embeddable":true,"href":"https:\/\/www.apop.qc.ca\/fr\/wp-json\/wp\/v2\/comments?post=13646"}],"version-history":[{"count":26,"href":"https:\/\/www.apop.qc.ca\/fr\/wp-json\/wp\/v2\/pages\/13646\/revisions"}],"predecessor-version":[{"id":14001,"href":"https:\/\/www.apop.qc.ca\/fr\/wp-json\/wp\/v2\/pages\/13646\/revisions\/14001"}],"wp:attachment":[{"href":"https:\/\/www.apop.qc.ca\/fr\/wp-json\/wp\/v2\/media?parent=13646"}],"wp:term":[{"taxonomy":"post_tag","embeddable":true,"href":"https:\/\/www.apop.qc.ca\/fr\/wp-json\/wp\/v2\/tags?post=13646"}],"curies":[{"name":"wp","href":"https:\/\/api.w.org\/{rel}","templated":true}]}}